{"id":54,"date":"2015-02-17T21:43:53","date_gmt":"2015-02-17T19:43:53","guid":{"rendered":"http:\/\/www.jedlegastany.sk\/?page_id=54"},"modified":"2022-08-02T22:27:41","modified_gmt":"2022-08-02T20:27:41","slug":"kontakt","status":"publish","type":"page","link":"http:\/\/www.jedlegastany.sk\/?page_id=54","title":{"rendered":"Kontakt"},"content":{"rendered":"<p>V pr\u00edpade ak\u00fdchko\u013evek ot\u00e1zok ma nev\u00e1hajte kontaktova\u0165 na uvedenom tel.\u010d. alebo e-maily.Samozrejme sa mo\u017eete snami spoji\u0165 aj priamo tu&nbsp; na chate.<\/p>\n<h2>Martin<\/h2>\n<h2>Horn\u00e9 Lefantovce<\/h2>\n<h2>e-mail: gastany@centrum.sk<\/h2>\n<h2>Tel.\u010d. 0911 137 612<\/h2>\n<p><a href=\"http:\/\/www.jedlegastany.sk\/wp-content\/uploads\/2015\/02\/lef.png\"><img decoding=\"async\" loading=\"lazy\" class=\"alignnone size-medium wp-image-74\" src=\"http:\/\/www.jedlegastany.sk\/wp-content\/uploads\/2015\/02\/lef-300x141.png\" alt=\"lef\" width=\"300\" height=\"141\" srcset=\"http:\/\/www.jedlegastany.sk\/wp-content\/uploads\/2015\/02\/lef-300x141.png 300w, http:\/\/www.jedlegastany.sk\/wp-content\/uploads\/2015\/02\/lef.png 425w\" sizes=\"(max-width: 300px) 100vw, 300px\" \/><\/a><\/p>\n\n","protected":false},"excerpt":{"rendered":"<p>V pr\u00edpade ak\u00fdchko\u013evek ot\u00e1zok ma nev\u00e1hajte kontaktova\u0165 na uvedenom tel.\u010d. alebo e-maily.Samozrejme sa mo\u017eete snami spoji\u0165 aj priamo tu&nbsp; na chate. Martin Horn\u00e9 Lefantovce e-mail: gastany@centrum.sk Tel.\u010d. 0911 137 612<\/p>\n","protected":false},"author":1,"featured_media":0,"parent":0,"menu_order":10,"comment_status":"closed","ping_status":"closed","template":"","meta":{"_mi_skip_tracking":false},"aioseo_notices":[],"_links":{"self":[{"href":"http:\/\/www.jedlegastany.sk\/index.php?rest_route=\/wp\/v2\/pages\/54"}],"collection":[{"href":"http:\/\/www.jedlegastany.sk\/index.php?rest_route=\/wp\/v2\/pages"}],"about":[{"href":"http:\/\/www.jedlegastany.sk\/index.php?rest_route=\/wp\/v2\/types\/page"}],"author":[{"embeddable":true,"href":"http:\/\/www.jedlegastany.sk\/index.php?rest_route=\/wp\/v2\/users\/1"}],"replies":[{"embeddable":true,"href":"http:\/\/www.jedlegastany.sk\/index.php?rest_route=%2Fwp%2Fv2%2Fcomments&post=54"}],"version-history":[{"count":0,"href":"http:\/\/www.jedlegastany.sk\/index.php?rest_route=\/wp\/v2\/pages\/54\/revisions"}],"wp:attachment":[{"href":"http:\/\/www.jedlegastany.sk\/index.php?rest_route=%2Fwp%2Fv2%2Fmedia&parent=54"}],"curies":[{"name":"wp","href":"https:\/\/api.w.org\/{rel}","templated":true}]}}