{"id":56,"date":"2015-02-17T21:45:50","date_gmt":"2015-02-17T19:45:50","guid":{"rendered":"http:\/\/www.jedlegastany.sk\/?page_id=56"},"modified":"2024-08-28T15:24:45","modified_gmt":"2024-08-28T13:24:45","slug":"objednavkovy-formular","status":"publish","type":"page","link":"http:\/\/www.jedlegastany.sk\/?page_id=56","title":{"rendered":"Objedn\u00e1vkov\u00fd formul\u00e1r"},"content":{"rendered":"<h1><span style=\"color: #993300;\">Cena za 1Kg ga\u0161tanov je 7\u20ac.<\/span><\/h1>\n<h3>Ga\u0161tany s\u00fa aktu\u00e1lne len v sez\u00f3ne, t.j. od cca\u00a001.okt\u00f3bra\u00a0do 30.okt\u00f3bra.<\/h3>\n<p>Objedn\u00e1vky prij\u00edmame po\u010das cel\u00e9ho roka a vybavujeme ich v obdob\u00ed sez\u00f3ny. Ka\u017ed\u00fd jeden klient bude obozn\u00e1men\u00fd o vybaven\u00ed objedn\u00e1vky vopred telefon\u00e1tom.<\/p>\n<p>Ga\u0161tany vieme posla\u0165\u00a0 kuri\u00e9rom. Cenu ozn\u00e1mime ka\u017ed\u00e9mu individu\u00e1lne telefonicky, v z\u00e1vislosti od po\u010dtu kilogramov, ktor\u00e9 si objedn\u00e1te.<\/p>\n<p>Vzhladom nato \u017ee ga\u0161tany str\u00e1caj\u00fa v\u00e1hu t\u00fdm \u017ee vylu\u010duj\u00fa zo seba vodu,mo\u017ee sa nepatrne l\u00ed\u0161i\u0165\u00a0 hmotnos\u0165 medzi odosla\u00edm a doru\u010den\u00edm.Kvoli tomu<strong> reklam\u00e1cie ohladne nepresnej hmotnosti nepr\u00edjmame.<\/strong>\u010eakujem za pochopenie.<\/p>\n<p>Ga\u0161tany si m\u00f4\u017eete vyzdvihn\u00fa\u0165 aj\u00a0<strong>OSOBNE <\/strong><em>na adrese <strong>HORN\u00c9 LEFANTOVCE, VE\u0139K\u00c1 ULICA 135.<\/strong><br \/><\/em><\/p>\n<h3>Minim\u00e1lny po\u010det pre objednanie ga\u0161tanov je 5Kg.<\/h3>\n<h2>\u00a0<\/h2>\n\n<div class=\"wpcf7 no-js\" id=\"wpcf7-f68-o1\" lang=\"sk-SK\" dir=\"ltr\">\n<div class=\"screen-reader-response\"><p role=\"status\" aria-live=\"polite\" aria-atomic=\"true\"><\/p> <ul><\/ul><\/div>\n<form action=\"\/index.php?rest_route=%2Fwp%2Fv2%2Fpages%2F56#wpcf7-f68-o1\" method=\"post\" class=\"wpcf7-form init\" aria-label=\"Contact form\" novalidate=\"novalidate\" data-status=\"init\">\n<div style=\"display: none;\">\n<input type=\"hidden\" name=\"_wpcf7\" value=\"68\" \/>\n<input type=\"hidden\" name=\"_wpcf7_version\" value=\"5.7.7\" \/>\n<input type=\"hidden\" name=\"_wpcf7_locale\" value=\"sk_SK\" \/>\n<input type=\"hidden\" name=\"_wpcf7_unit_tag\" value=\"wpcf7-f68-o1\" \/>\n<input type=\"hidden\" name=\"_wpcf7_container_post\" value=\"0\" \/>\n<input type=\"hidden\" name=\"_wpcf7_posted_data_hash\" value=\"\" \/>\n<\/div>\n<p>Pros\u00edm za\u010diarknite mo\u017enos\u0165:\n<\/p>\n<p><span class=\"wpcf7-form-control-wrap\" data-name=\"radio-77\"><span class=\"wpcf7-form-control wpcf7-radio\"><span class=\"wpcf7-list-item first\"><input type=\"radio\" name=\"radio-77\" value=\"Osobn\u00e9 prevzatie\" \/><span class=\"wpcf7-list-item-label\">Osobn\u00e9 prevzatie<\/span><\/span><span class=\"wpcf7-list-item last\"><input type=\"radio\" name=\"radio-77\" value=\"Posla\u0165 kuri\u00e9rom\" \/><span class=\"wpcf7-list-item-label\">Posla\u0165 kuri\u00e9rom<\/span><\/span><\/span><\/span>\n<\/p>\n<p>Va\u0161e meno a priezvisko (povinn\u00e9)\n<\/p>\n<p><span class=\"wpcf7-form-control-wrap\" data-name=\"your-name\"><input size=\"40\" class=\"wpcf7-form-control wpcf7-text wpcf7-validates-as-required\" aria-required=\"true\" aria-invalid=\"false\" value=\"\" type=\"text\" name=\"your-name\" \/><\/span>\n<\/p>\n<p>Ulica \/ \u010d.domu\n<\/p>\n<p><span class=\"wpcf7-form-control-wrap\" data-name=\"text-885\"><input size=\"40\" class=\"wpcf7-form-control wpcf7-text\" aria-invalid=\"false\" value=\"\" type=\"text\" name=\"text-885\" \/><\/span>\n<\/p>\n<p>Mesto\/ps\u010d.\n<\/p>\n<p><span class=\"wpcf7-form-control-wrap\" data-name=\"your-subject\"><input size=\"40\" class=\"wpcf7-form-control wpcf7-text\" aria-invalid=\"false\" value=\"\" type=\"text\" name=\"your-subject\" \/><\/span>\n<\/p>\n<p>V\u00e1\u0161 email (povinn\u00e9)\n<\/p>\n<p><span class=\"wpcf7-form-control-wrap\" data-name=\"your-email\"><input size=\"40\" class=\"wpcf7-form-control wpcf7-text wpcf7-email wpcf7-validates-as-required wpcf7-validates-as-email\" aria-required=\"true\" aria-invalid=\"false\" value=\"\" type=\"email\" name=\"your-email\" \/><\/span>\n<\/p>\n<p>Tel.\u010d\u00edslo (povinn\u00e9)<br \/>\n<span class=\"wpcf7-form-control-wrap\" data-name=\"tel-580\"><input size=\"40\" class=\"wpcf7-form-control wpcf7-text wpcf7-tel wpcf7-validates-as-tel\" aria-invalid=\"false\" value=\"\" type=\"tel\" name=\"tel-580\" \/><\/span>\n<\/p>\n<p>Po\u010det kilov (povinn\u00e9)\n<\/p>\n<p><span class=\"wpcf7-form-control-wrap\" data-name=\"text-804\"><input size=\"40\" class=\"wpcf7-form-control wpcf7-text wpcf7-validates-as-required\" aria-required=\"true\" aria-invalid=\"false\" value=\"\" type=\"text\" name=\"text-804\" \/><\/span>\n<\/p>\n<p>Ot\u00e1zky:<br \/>\n<span class=\"wpcf7-form-control-wrap\" data-name=\"textarea-174\"><textarea cols=\"40\" rows=\"10\" class=\"wpcf7-form-control wpcf7-textarea\" aria-invalid=\"false\" name=\"textarea-174\"><\/textarea><\/span>\n<\/p>\n<p><input class=\"wpcf7-form-control has-spinner wpcf7-submit\" type=\"submit\" value=\"ODOSLA\u0164\" \/>\n<\/p><div class=\"wpcf7-response-output\" aria-hidden=\"true\"><\/div>\n<\/form>\n<\/div>\n\n\n","protected":false},"excerpt":{"rendered":"<p>Cena za 1Kg ga\u0161tanov je 7\u20ac. Ga\u0161tany s\u00fa aktu\u00e1lne len v sez\u00f3ne, t.j. od cca\u00a001.okt\u00f3bra\u00a0do 30.okt\u00f3bra. Objedn\u00e1vky prij\u00edmame po\u010das cel\u00e9ho roka a vybavujeme ich v obdob\u00ed sez\u00f3ny. Ka\u017ed\u00fd jeden klient bude obozn\u00e1men\u00fd o vybaven\u00ed objedn\u00e1vky vopred telefon\u00e1tom. Ga\u0161tany vieme posla\u0165\u00a0 kuri\u00e9rom. Cenu ozn\u00e1mime ka\u017ed\u00e9mu individu\u00e1lne telefonicky, v z\u00e1vislosti od po\u010dtu kilogramov, ktor\u00e9 si objedn\u00e1te. Vzhladom [&hellip;]<\/p>\n","protected":false},"author":1,"featured_media":0,"parent":0,"menu_order":9,"comment_status":"closed","ping_status":"closed","template":"","meta":{"_mi_skip_tracking":false},"aioseo_notices":[],"_links":{"self":[{"href":"http:\/\/www.jedlegastany.sk\/index.php?rest_route=\/wp\/v2\/pages\/56"}],"collection":[{"href":"http:\/\/www.jedlegastany.sk\/index.php?rest_route=\/wp\/v2\/pages"}],"about":[{"href":"http:\/\/www.jedlegastany.sk\/index.php?rest_route=\/wp\/v2\/types\/page"}],"author":[{"embeddable":true,"href":"http:\/\/www.jedlegastany.sk\/index.php?rest_route=\/wp\/v2\/users\/1"}],"replies":[{"embeddable":true,"href":"http:\/\/www.jedlegastany.sk\/index.php?rest_route=%2Fwp%2Fv2%2Fcomments&post=56"}],"version-history":[{"count":4,"href":"http:\/\/www.jedlegastany.sk\/index.php?rest_route=\/wp\/v2\/pages\/56\/revisions"}],"predecessor-version":[{"id":246,"href":"http:\/\/www.jedlegastany.sk\/index.php?rest_route=\/wp\/v2\/pages\/56\/revisions\/246"}],"wp:attachment":[{"href":"http:\/\/www.jedlegastany.sk\/index.php?rest_route=%2Fwp%2Fv2%2Fmedia&parent=56"}],"curies":[{"name":"wp","href":"https:\/\/api.w.org\/{rel}","templated":true}]}}